{"id":599,"date":"2025-11-12T10:27:06","date_gmt":"2025-11-12T09:27:06","guid":{"rendered":"https:\/\/kartoniki.com\/?page_id=599"},"modified":"2025-11-12T10:30:40","modified_gmt":"2025-11-12T09:30:40","slug":"kontakt","status":"publish","type":"page","link":"http:\/\/kartoniki.com\/?page_id=599","title":{"rendered":"kontakt"},"content":{"rendered":"\t\t<div data-elementor-type=\"wp-page\" data-elementor-id=\"599\" class=\"elementor elementor-599\" data-elementor-post-type=\"page\">\n\t\t\t\t<div class=\"elementor-element elementor-element-05fad2a e-con-full konaktt e-flex e-con e-parent\" data-id=\"05fad2a\" data-element_type=\"container\" data-settings=\"{&quot;background_background&quot;:&quot;classic&quot;}\">\n\t\t<div class=\"elementor-element elementor-element-df38039 e-con-full e-flex e-con e-child\" data-id=\"df38039\" data-element_type=\"container\">\n\t\t<div class=\"elementor-element elementor-element-2a5fdbe e-con-full e-flex e-con e-child\" data-id=\"2a5fdbe\" data-element_type=\"container\">\n\t\t\t\t<div class=\"elementor-element elementor-element-815296e elementor-widget elementor-widget-heading\" data-id=\"815296e\" data-element_type=\"widget\" data-widget_type=\"heading.default\">\n\t\t\t\t\t<h2 class=\"elementor-heading-title elementor-size-default\">Potrzebujesz indywidualnej wyceny?<\/h2>\t\t\t\t<\/div>\n\t\t\t\t<div class=\"elementor-element elementor-element-b348323 elementor-widget elementor-widget-heading\" data-id=\"b348323\" data-element_type=\"widget\" data-widget_type=\"heading.default\">\n\t\t\t\t\t<h2 class=\"elementor-heading-title elementor-size-default\">Skontaktuj si\u0119 z nami<\/h2>\t\t\t\t<\/div>\n\t\t\t\t<div class=\"elementor-element elementor-element-9ffa9b5 elementor-absolute elementor-widget elementor-widget-image\" data-id=\"9ffa9b5\" data-element_type=\"widget\" data-settings=\"{&quot;_position&quot;:&quot;absolute&quot;}\" data-widget_type=\"image.default\">\n\t\t\t\t\t\t\t\t\t\t\t\t\t\t\t<img fetchpriority=\"high\" decoding=\"async\" width=\"468\" height=\"468\" src=\"http:\/\/kartoniki.com\/wp-content\/uploads\/2025\/11\/xzzxq-1.webp\" class=\"attachment-large size-large wp-image-584\" alt=\"\" srcset=\"http:\/\/kartoniki.com\/wp-content\/uploads\/2025\/11\/xzzxq-1.webp 468w, http:\/\/kartoniki.com\/wp-content\/uploads\/2025\/11\/xzzxq-1-300x300.webp 300w, http:\/\/kartoniki.com\/wp-content\/uploads\/2025\/11\/xzzxq-1-150x150.webp 150w, http:\/\/kartoniki.com\/wp-content\/uploads\/2025\/11\/xzzxq-1-100x100.webp 100w\" sizes=\"(max-width: 468px) 100vw, 468px\" \/>\t\t\t\t\t\t\t\t\t\t\t\t\t\t\t<\/div>\n\t\t\t\t<\/div>\n\t\t<div class=\"elementor-element elementor-element-b04ae53 e-con-full e-flex e-con e-child\" data-id=\"b04ae53\" data-element_type=\"container\">\n\t\t\t\t<div class=\"elementor-element elementor-element-32aeec3 elementor-button-align-stretch elementor-widget elementor-widget-form\" data-id=\"32aeec3\" data-element_type=\"widget\" data-settings=\"{&quot;step_next_label&quot;:&quot;Next&quot;,&quot;step_previous_label&quot;:&quot;Previous&quot;,&quot;button_width&quot;:&quot;100&quot;,&quot;step_type&quot;:&quot;number_text&quot;,&quot;step_icon_shape&quot;:&quot;circle&quot;}\" data-widget_type=\"form.default\">\n\t\t\t\t\t\t\t<form class=\"elementor-form\" method=\"post\" name=\"New Form\" aria-label=\"New Form\">\n\t\t\t<input type=\"hidden\" name=\"post_id\" value=\"599\"\/>\n\t\t\t<input type=\"hidden\" name=\"form_id\" value=\"32aeec3\"\/>\n\t\t\t<input type=\"hidden\" name=\"referer_title\" value=\"kontakt\" \/>\n\n\t\t\t\t\t\t\t<input type=\"hidden\" name=\"queried_id\" value=\"599\"\/>\n\t\t\t\n\t\t\t<div class=\"elementor-form-fields-wrapper elementor-labels-above\">\n\t\t\t\t\t\t\t\t<div class=\"elementor-field-type-text elementor-field-group elementor-column elementor-field-group-name elementor-col-100\">\n\t\t\t\t\t\t\t\t\t\t\t\t<label for=\"form-field-name\" class=\"elementor-field-label\">\n\t\t\t\t\t\t\t\tNazwa firmy\t\t\t\t\t\t\t<\/label>\n\t\t\t\t\t\t\t\t\t\t\t\t\t\t<input size=\"1\" type=\"text\" name=\"form_fields[name]\" id=\"form-field-name\" class=\"elementor-field elementor-size-sm  elementor-field-textual\" placeholder=\"np.: Kartoniki sp. z o.o. \">\n\t\t\t\t\t\t\t\t\t\t\t<\/div>\n\t\t\t\t\t\t\t\t<div class=\"elementor-field-type-email elementor-field-group elementor-column elementor-field-group-email elementor-col-100 elementor-field-required\">\n\t\t\t\t\t\t\t\t\t\t\t\t<label for=\"form-field-email\" class=\"elementor-field-label\">\n\t\t\t\t\t\t\t\tAdres email\t\t\t\t\t\t\t<\/label>\n\t\t\t\t\t\t\t\t\t\t\t\t\t\t<input size=\"1\" type=\"email\" name=\"form_fields[email]\" id=\"form-field-email\" class=\"elementor-field elementor-size-sm  elementor-field-textual\" placeholder=\"np.: kontakt@kartoniki.pl\" required=\"required\">\n\t\t\t\t\t\t\t\t\t\t\t<\/div>\n\t\t\t\t\t\t\t\t<div class=\"elementor-field-type-tel elementor-field-group elementor-column elementor-field-group-message elementor-col-100\">\n\t\t\t\t\t\t\t\t\t\t\t\t<label for=\"form-field-message\" class=\"elementor-field-label\">\n\t\t\t\t\t\t\t\tNumer telefonu\t\t\t\t\t\t\t<\/label>\n\t\t\t\t\t\t\t\t<input size=\"1\" type=\"tel\" name=\"form_fields[message]\" id=\"form-field-message\" class=\"elementor-field elementor-size-sm  elementor-field-textual\" placeholder=\"np.: +48 123 345 678\" pattern=\"[0-9()#&amp;+*-=.]+\" title=\"Akceptowane s\u0105 jedynie cyfry i znaki telefoniczne (#,-,*).\">\n\n\t\t\t\t\t\t<\/div>\n\t\t\t\t\t\t\t\t<div class=\"elementor-field-type-textarea elementor-field-group elementor-column elementor-field-group-field_c7eedc1 elementor-col-100\">\n\t\t\t\t\t\t\t\t\t\t\t\t<label for=\"form-field-field_c7eedc1\" class=\"elementor-field-label\">\n\t\t\t\t\t\t\t\tTre\u015b\u0107 wiadomo\u015bci\t\t\t\t\t\t\t<\/label>\n\t\t\t\t\t\t<textarea class=\"elementor-field-textual elementor-field  elementor-size-sm\" name=\"form_fields[field_c7eedc1]\" id=\"form-field-field_c7eedc1\" rows=\"4\" placeholder=\"np.: Potrzebuje 1200 szt. karton\u00f3w B oraz....\"><\/textarea>\t\t\t\t<\/div>\n\t\t\t\t\t\t\t\t<div class=\"elementor-field-type-acceptance elementor-field-group elementor-column elementor-field-group-field_de03c9a elementor-col-100\">\n\t\t\t\t\t\t\t<div class=\"elementor-field-subgroup\">\n\t\t\t<span class=\"elementor-field-option\">\n\t\t\t\t<input type=\"checkbox\" name=\"form_fields[field_de03c9a]\" id=\"form-field-field_de03c9a\" class=\"elementor-field elementor-size-sm  elementor-acceptance-field\">\n\t\t\t\t<label for=\"form-field-field_de03c9a\">Akceptuj\u0119 Polityke prywatno\u015bci<\/label>\t\t\t<\/span>\n\t\t<\/div>\n\t\t\t\t\t\t<\/div>\n\t\t\t\t\t\t\t\t<div class=\"elementor-field-group elementor-column elementor-field-type-submit elementor-col-100 e-form__buttons\">\n\t\t\t\t\t<button class=\"elementor-button elementor-size-sm\" type=\"submit\">\n\t\t\t\t\t\t<span class=\"elementor-button-content-wrapper\">\n\t\t\t\t\t\t\t\t\t\t\t\t\t\t\t\t\t\t\t\t\t\t<span class=\"elementor-button-text\">Wy\u015blij<\/span>\n\t\t\t\t\t\t\t\t\t\t\t\t\t<\/span>\n\t\t\t\t\t<\/button>\n\t\t\t\t<\/div>\n\t\t\t<\/div>\n\t\t<\/form>\n\t\t\t\t\t\t<\/div>\n\t\t\t\t<\/div>\n\t\t\t\t<\/div>\n\t\t\t\t<\/div>\n\t\t<div class=\"elementor-element elementor-element-b8357ec e-con-full e-flex e-con e-parent\" data-id=\"b8357ec\" data-element_type=\"container\" data-settings=\"{&quot;background_background&quot;:&quot;classic&quot;}\">\n\t\t<div class=\"elementor-element elementor-element-712aba4 e-con-full e-flex e-con e-child\" data-id=\"712aba4\" data-element_type=\"container\">\n\t\t<div class=\"elementor-element elementor-element-5ed2492 e-con-full e-flex e-con e-child\" data-id=\"5ed2492\" data-element_type=\"container\">\n\t\t\t\t<div class=\"elementor-element elementor-element-7d47a2a elementor-widget elementor-widget-heading\" data-id=\"7d47a2a\" data-element_type=\"widget\" data-widget_type=\"heading.default\">\n\t\t\t\t\t<h2 class=\"elementor-heading-title elementor-size-default\">Czy pude\u0142ka s\u0105 wysy\u0142ane roz\u0142o\u017cone czy z\u0142o\u017cone?<\/h2>\t\t\t\t<\/div>\n\t\t<div class=\"elementor-element elementor-element-43f976c e-con-full e-flex e-con e-child\" data-id=\"43f976c\" data-element_type=\"container\">\n\t\t\t\t<div class=\"elementor-element elementor-element-d8ae65c elementor-widget elementor-widget-heading\" data-id=\"d8ae65c\" data-element_type=\"widget\" data-widget_type=\"heading.default\">\n\t\t\t\t\t<h2 class=\"elementor-heading-title elementor-size-default\">Pude\u0142ka wysy\u0142amy roz\u0142o\u017cone na p\u0142asko \u2013 dzi\u0119ki temu zajmuj\u0105 ma\u0142o miejsca i s\u0105 \u0142atwe w magazynowaniu. Z\u0142o\u017cenie jednego pude\u0142ka zajmuje dos\u0142ownie kilkana\u015bcie sekund.<\/h2>\t\t\t\t<\/div>\n\t\t\t\t<\/div>\n\t\t\t\t<div class=\"elementor-element elementor-element-9c7f540 elementor-widget elementor-widget-heading\" data-id=\"9c7f540\" data-element_type=\"widget\" data-widget_type=\"heading.default\">\n\t\t\t\t\t<h2 class=\"elementor-heading-title elementor-size-default\">Czy mog\u0119 zam\u00f3wi\u0107 pude\u0142ka z w\u0142asnym nadrukiem\/logo?<\/h2>\t\t\t\t<\/div>\n\t\t<div class=\"elementor-element elementor-element-42b43e0 e-con-full e-flex e-con e-child\" data-id=\"42b43e0\" data-element_type=\"container\">\n\t\t\t\t<div class=\"elementor-element elementor-element-fc62f84 elementor-widget elementor-widget-heading\" data-id=\"fc62f84\" data-element_type=\"widget\" data-widget_type=\"heading.default\">\n\t\t\t\t\t<h2 class=\"elementor-heading-title elementor-size-default\">Tak, oferujemy opcj\u0119 personalizacji \u2013 od prostego nadruku po pe\u0142ny branding opakowania. To \u015bwietny spos\u00f3b na budowanie rozpoznawalno\u015bci marki.<\/h2>\t\t\t\t<\/div>\n\t\t\t\t<\/div>\n\t\t\t\t<div class=\"elementor-element elementor-element-5432d1d elementor-widget elementor-widget-heading\" data-id=\"5432d1d\" data-element_type=\"widget\" data-widget_type=\"heading.default\">\n\t\t\t\t\t<h2 class=\"elementor-heading-title elementor-size-default\">Ile wynosi czas realizacji zam\u00f3wienia?<\/h2>\t\t\t\t<\/div>\n\t\t<div class=\"elementor-element elementor-element-2b88f90 e-con-full e-flex e-con e-child\" data-id=\"2b88f90\" data-element_type=\"container\">\n\t\t\t\t<div class=\"elementor-element elementor-element-ee03052 elementor-widget elementor-widget-heading\" data-id=\"ee03052\" data-element_type=\"widget\" data-widget_type=\"heading.default\">\n\t\t\t\t\t<h2 class=\"elementor-heading-title elementor-size-default\">Standardowe pude\u0142ka wysy\u0142amy w ci\u0105gu 24\u201348 godzin. W przypadku pude\u0142ek z indywidualnym nadrukiem czas realizacji wynosi zazwyczaj 7\u201310 dni roboczych.<\/h2>\t\t\t\t<\/div>\n\t\t\t\t<\/div>\n\t\t\t\t<\/div>\n\t\t<div class=\"elementor-element elementor-element-ed17de5 e-con-full e-flex e-con e-child\" data-id=\"ed17de5\" data-element_type=\"container\">\n\t\t\t\t<div class=\"elementor-element elementor-element-bd5b037 elementor-widget elementor-widget-heading\" data-id=\"bd5b037\" data-element_type=\"widget\" data-widget_type=\"heading.default\">\n\t\t\t\t\t<h2 class=\"elementor-heading-title elementor-size-default\">FAQ<\/h2>\t\t\t\t<\/div>\n\t\t\t\t<div class=\"elementor-element elementor-element-fe88455 elementor-widget elementor-widget-heading\" data-id=\"fe88455\" data-element_type=\"widget\" data-widget_type=\"heading.default\">\n\t\t\t\t\t<h2 class=\"elementor-heading-title elementor-size-default\">Najcz\u0119strze pytania<\/h2>\t\t\t\t<\/div>\n\t\t\t\t<div class=\"elementor-element elementor-element-ee10bb5 elementor-absolute elementor-widget elementor-widget-image\" data-id=\"ee10bb5\" data-element_type=\"widget\" data-settings=\"{&quot;_position&quot;:&quot;absolute&quot;}\" data-widget_type=\"image.default\">\n\t\t\t\t\t\t\t\t\t\t\t\t\t\t\t<img decoding=\"async\" width=\"445\" height=\"574\" src=\"http:\/\/kartoniki.com\/wp-content\/uploads\/2025\/11\/question-mark-sign-3d-illustration-1.webp\" class=\"attachment-large size-large wp-image-585\" alt=\"\" srcset=\"http:\/\/kartoniki.com\/wp-content\/uploads\/2025\/11\/question-mark-sign-3d-illustration-1.webp 445w, http:\/\/kartoniki.com\/wp-content\/uploads\/2025\/11\/question-mark-sign-3d-illustration-1-233x300.webp 233w\" sizes=\"(max-width: 445px) 100vw, 445px\" \/>\t\t\t\t\t\t\t\t\t\t\t\t\t\t\t<\/div>\n\t\t\t\t<\/div>\n\t\t\t\t<\/div>\n\t\t\t\t<\/div>\n\t\t\t\t<\/div>\n\t\t","protected":false},"excerpt":{"rendered":"<p>Potrzebujesz indywidualnej wyceny? Skontaktuj si\u0119 z nami Czy pude\u0142ka s\u0105 wysy\u0142ane roz\u0142o\u017cone czy z\u0142o\u017cone? Pude\u0142ka wysy\u0142amy roz\u0142o\u017cone na p\u0142asko \u2013 dzi\u0119ki temu zajmuj\u0105 ma\u0142o miejsca i s\u0105 \u0142atwe w magazynowaniu. Z\u0142o\u017cenie jednego pude\u0142ka zajmuje dos\u0142ownie kilkana\u015bcie sekund. Czy mog\u0119 zam\u00f3wi\u0107 pude\u0142ka z w\u0142asnym nadrukiem\/logo? Tak, oferujemy opcj\u0119 personalizacji \u2013 od prostego nadruku po pe\u0142ny branding [&hellip;]<\/p>\n","protected":false},"author":2,"featured_media":0,"parent":0,"menu_order":0,"comment_status":"closed","ping_status":"closed","template":"","meta":{"footnotes":""},"class_list":["post-599","page","type-page","status-publish","hentry"],"blocksy_meta":[],"_links":{"self":[{"href":"http:\/\/kartoniki.com\/index.php?rest_route=\/wp\/v2\/pages\/599","targetHints":{"allow":["GET"]}}],"collection":[{"href":"http:\/\/kartoniki.com\/index.php?rest_route=\/wp\/v2\/pages"}],"about":[{"href":"http:\/\/kartoniki.com\/index.php?rest_route=\/wp\/v2\/types\/page"}],"author":[{"embeddable":true,"href":"http:\/\/kartoniki.com\/index.php?rest_route=\/wp\/v2\/users\/2"}],"replies":[{"embeddable":true,"href":"http:\/\/kartoniki.com\/index.php?rest_route=%2Fwp%2Fv2%2Fcomments&post=599"}],"version-history":[{"count":17,"href":"http:\/\/kartoniki.com\/index.php?rest_route=\/wp\/v2\/pages\/599\/revisions"}],"predecessor-version":[{"id":617,"href":"http:\/\/kartoniki.com\/index.php?rest_route=\/wp\/v2\/pages\/599\/revisions\/617"}],"wp:attachment":[{"href":"http:\/\/kartoniki.com\/index.php?rest_route=%2Fwp%2Fv2%2Fmedia&parent=599"}],"curies":[{"name":"wp","href":"https:\/\/api.w.org\/{rel}","templated":true}]}}